{"id":804,"date":"2018-11-17T18:48:06","date_gmt":"2018-11-17T18:48:06","guid":{"rendered":"https:\/\/solutech.true-emotions.studio\/?page_id=804"},"modified":"2022-11-15T22:54:10","modified_gmt":"2022-11-15T22:54:10","slug":"nosotros","status":"publish","type":"page","link":"https:\/\/segcorp.mx\/index.php\/nosotros\/","title":{"rendered":"Nosotros"},"content":{"rendered":"<p>[vc_row pix_padding_top=&#8221;padding No&#8221; pix_padding_bottom=&#8221;padding XL&#8221; gradient_colors=&#8221;%5B%7B%7D%5D&#8221; pix_padding=&#8221;pix-padding-both&#8221; css=&#8221;.vc_custom_1563050792840{background-color: #ffffff !important;}&#8221;][vc_column gradient_colors=&#8221;%5B%7B%7D%5D&#8221; css=&#8221;.vc_custom_1563044511886{padding-right: 38px !important;}&#8221;][vc_column_text css=&#8221;.vc_custom_1663625746264{padding-left: 50px !important;}&#8221;]<\/p>\n<h4 class=\"x-el x-el-h4 c1-77 c1-2 c1-26 c1-27 c1-78 c1-2f c1-2y c1-1h c1-1j c1-b c1-6n c1-5f c1-79 c1-5h c1-5i c1-5j c1-5k\" role=\"heading\" aria-level=\"4\" data-ux=\"ContentHeading\" data-aid=\"CONTENT_MEDIA_HEADLINE1_RENDERED\" data-typography=\"HeadingGamma\" data-font-scaled=\"true\"><\/h4>\n<div class=\"x-el c1-1 c1-2 c1-26 c1-27 c1-4t c1-1h c1-1j c1-7a c1-7b c1-7c c1-7d c1-7e c1-7f c1-7g c1-7h c1-7i c1-7j c1-7k c1-7l c1-7m c1-7n c1-7o c1-7p c1-7q c1-7r c1-7s c1-7t c1-7u c1-7v c1-7w c1-7x c1-7y c1-7z c1-80 c1-81 c1-82 c1-2s c1-b c1-6n c1-5z c1-79 c1-61 c1-63 c1-64 c1-65 x-rt\" data-ux=\"ContentText\" data-aid=\"CONTENT_MEDIA_DESCRIPTION1_RENDERED\" data-typography=\"BodyAlpha\" data-font-scaled=\"true\">\n<p>&nbsp;<\/p>\n<\/div>\n<p>[\/vc_column_text][common_title title=&#8221;\u00bfPorqu\u00e9 contratarnos?&#8221; padding=&#8221;off&#8221; position=&#8221;text-left&#8221; subtitle=&#8221;Nosotros&#8221;][\/common_title][common_tab_acc tabs=&#8221;%5B%7B%22label%22%3A%22Seguridad%22%2C%22content_t%22%3A%22La%20seguridad%20no%20tiene%20precio.%5Cn%22%2C%22link%22%3A%22%2F%22%2C%22tab_id%22%3A%221732234028%22%7D%2C%7B%22label%22%3A%22Negocio%20seguro%22%2C%22content_t%22%3A%22Ayudamos%20a%20mantener%20un%20negocio%20seguro.%20%22%2C%22link%22%3A%22%2F%22%2C%22tab_id%22%3A%221865746890%22%7D%2C%7B%22label%22%3A%22Disminuir%20amenazas%20%22%2C%22content_t%22%3A%22%20Disminuimos%20las%20amenazas%20de%20la%20seguridad%20de%20tu%20negocio%20.%22%2C%22link%22%3A%22%2F%22%2C%22tab_id%22%3A%22658372061%22%7D%2C%7B%22label%22%3A%22Reputaci%C3%B3n%20del%20negocio%20%22%2C%22content_t%22%3A%22%20Ayuda%20en%20la%20reputaci%C3%B3n%20del%20negocio%2C%20proporcionando%20un%20nivel%20extra%20de%20seguridad%20al%20interior%20y%20exterior%20del%20lugar.%20%5Cn%22%2C%22link%22%3A%22%2F%22%2C%22tab_id%22%3A%221369261288%22%7D%2C%7B%22label%22%3A%22Guardias%20de%20seguridad%22%2C%22content_t%22%3A%22Nuestros%20guardias%20de%20seguridad%20reciben%20una%20capacitaci%C3%B3n%20especializada%20sobre%20manejo%20de%20emergencias%20y%20contingencias%2C%20para%20hacer%20frente%20a%20situaciones%20de%20alta%20presi%C3%B3n%20y%20asegurar%20que%20se%20mantenga%20un%20nivel%20de%20calma%20durante%20el%20incidente%20en%20todo%20momento.%22%2C%22link%22%3A%22%2F%22%2C%22tab_id%22%3A%221369261288%22%7D%2C%7B%22label%22%3A%22Respuesta%20r%C3%A1pida%20%22%2C%22content_t%22%3A%22Proporcionamos%20respuesta%20r%C3%A1pidas%20o%20mayores%20a%20los%20servicios%20de%20emergencia%20(polic%C3%ADa%2C%20bomberos)%20ante%20cualquier%20situaci%C3%B3n%20que%20pueda%20causar%20da%C3%B1os%20tanto%20a%20bienes%20como%20a%20personas%20y%20sus%20posesiones.%22%2C%22link%22%3A%22%2F%22%2C%22tab_id%22%3A%221369261288%22%7D%5D&#8221;][\/vc_column][\/vc_row][vc_row full_width=&#8221;stretch_row&#8221; pix_padding_top=&#8221;padding XL&#8221; pix_padding_bottom=&#8221;padding XL&#8221; gradient_colors=&#8221;%5B%7B%7D%5D&#8221; pix_padding=&#8221;pix-padding-both&#8221; css=&#8221;.vc_custom_1562698191109{background-color: #f6f6f7 !important;}&#8221;][vc_column width=&#8221;1\/2&#8243; gradient_colors=&#8221;%5B%7B%7D%5D&#8221; css=&#8221;.vc_custom_1563044527079{padding-right: 38px !important;}&#8221;][common_title title=&#8221;Nuestras ventajas&#8221; padding=&#8221;off&#8221; position=&#8221;text-left&#8221;][\/common_title][\/vc_column][vc_column width=&#8221;1\/2&#8243;][vc_column_text]<\/p>\n<p style=\"text-align: justify;\">Cumplimos con la documentaci\u00f3n en regla requerida por la Direcci\u00f3n de Servicios de Seguridad Privada (DSSP) perteneciente a la Secretaria de Seguridad Ciudadana del Estado de Baja California y con la Secretar\u00eda del Trabajo y Previsi\u00f3n Social, para prestar los Servicios Especializados u Obras Especializadas (REPSE). Que nos permite brindar los servicios de seguridad Privada.<\/p>\n<p style=\"text-align: justify;\">Las soluciones a incidencias son en tiempo real por parte de la supervisi\u00f3n operativa y gerencial, y nuestro programa de capacitaci\u00f3n del personal es mediante instructores certificados por parte de la Direcci\u00f3n de Servicios de Seguridad Privada.<\/p>\n<p>[\/vc_column_text][\/vc_column][\/vc_row][vc_row][vc_column]<div role=\"form\" class=\"wpcf7\" id=\"wpcf7-f4544-o1\" lang=\"en-US\" dir=\"ltr\">\n<div class=\"screen-reader-response\"><p role=\"status\" aria-live=\"polite\" aria-atomic=\"true\"><\/p> <ul><\/ul><\/div>\n<form action=\"\/index.php\/wp-json\/wp\/v2\/pages\/804#wpcf7-f4544-o1\" method=\"post\" class=\"wpcf7-form init\" novalidate=\"novalidate\" data-status=\"init\">\n<div style=\"display: none;\">\n<input type=\"hidden\" name=\"_wpcf7\" value=\"4544\" \/>\n<input type=\"hidden\" name=\"_wpcf7_version\" value=\"5.6.4\" \/>\n<input type=\"hidden\" name=\"_wpcf7_locale\" value=\"en_US\" \/>\n<input type=\"hidden\" name=\"_wpcf7_unit_tag\" value=\"wpcf7-f4544-o1\" \/>\n<input type=\"hidden\" name=\"_wpcf7_container_post\" value=\"0\" \/>\n<input type=\"hidden\" name=\"_wpcf7_posted_data_hash\" value=\"\" \/>\n<\/div>\n<div class=\"pix-contact-form pix-m\">\n<div class=\"row\">\n<div class=\"col-lg-4 col-12\">\n<div class=\"form-group\">\n                <span class=\"wpcf7-form-control-wrap\" data-name=\"Company\"><input type=\"text\" name=\"Company\" value=\"\" size=\"40\" class=\"wpcf7-form-control wpcf7-text wpcf7-validates-as-required pix-site-input\" id=\"pix-company-input\" aria-required=\"true\" aria-invalid=\"false\" placeholder=\"Company *\" \/><\/span>\n            <\/div>\n<\/div>\n<div class=\"col-lg-4 col-12\">\n<div class=\"form-group\">\n                <span class=\"wpcf7-form-control-wrap\" data-name=\"Name\"><input type=\"text\" name=\"Name\" value=\"\" size=\"40\" class=\"wpcf7-form-control wpcf7-text wpcf7-validates-as-required pix-site-input\" id=\"pix-name-input\" aria-required=\"true\" aria-invalid=\"false\" placeholder=\"Name *\" \/><\/span>\n            <\/div>\n<\/div>\n<div class=\"col-lg-4 col-12 last\">\n<div class=\"form-group\">\n                <span class=\"wpcf7-form-control-wrap\" data-name=\"Phone\"><input type=\"text\" name=\"Phone\" value=\"\" size=\"40\" class=\"wpcf7-form-control wpcf7-text wpcf7-validates-as-required pix-site-input\" id=\"pix-phone-input\" aria-required=\"true\" aria-invalid=\"false\" placeholder=\"Phone *\" \/><\/span>\n            <\/div>\n<\/div>\n<div class=\"col-12\">\n<div class=\"form-group pix-textarea-group\">\n                <span class=\"wpcf7-form-control-wrap\" data-name=\"Message\"><textarea name=\"Message\" cols=\"40\" rows=\"10\" class=\"wpcf7-form-control wpcf7-textarea wpcf7-validates-as-required pix-site-input\" id=\"pix-message-input\" aria-required=\"true\" aria-invalid=\"false\" placeholder=\"Message *\"><\/textarea><\/span>\n            <\/div>\n<\/div>\n<div class=\"col-12\">\n<div class=\"pix-submit-holder\">\n                 <input type=\"submit\" value=\"Send message\" class=\"wpcf7-form-control has-spinner wpcf7-submit pix-button\" \/>\n            <\/div>\n<\/div>\n<\/div>\n<\/div>\n<div class=\"wpcf7-response-output\" aria-hidden=\"true\"><\/div><\/form><\/div>[\/vc_column][\/vc_row]<\/p>\n","protected":false},"excerpt":{"rendered":"<p>[vc_row pix_padding_top=&#8221;padding No&#8221; pix_padding_bottom=&#8221;padding XL&#8221; gradient_colors=&#8221;%5B%7B%7D%5D&#8221; pix_padding=&#8221;pix-padding-both&#8221; css=&#8221;.vc_custom_1563050792840{background-color: #ffffff !important;}&#8221;][vc_column gradient_colors=&#8221;%5B%7B%7D%5D&#8221; css=&#8221;.vc_custom_1563044511886{padding-right: 38px !important;}&#8221;][vc_column_text css=&#8221;.vc_custom_1663625746264{padding-left: 50px !important;}&#8221;] &nbsp; [\/vc_column_text][common_title title=&#8221;\u00bfPorqu\u00e9 contratarnos?&#8221; padding=&#8221;off&#8221; position=&#8221;text-left&#8221; subtitle=&#8221;Nosotros&#8221;][\/common_title][common_tab_acc tabs=&#8221;%5B%7B%22label%22%3A%22Seguridad%22%2C%22content_t%22%3A%22La%20seguridad%20no%20tiene%20precio.%5Cn%22%2C%22link%22%3A%22%2F%22%2C%22tab_id%22%3A%221732234028%22%7D%2C%7B%22label%22%3A%22Negocio%20seguro%22%2C%22content_t%22%3A%22Ayudamos%20a%20mantener%20un%20negocio%20seguro.%20%22%2C%22link%22%3A%22%2F%22%2C%22tab_id%22%3A%221865746890%22%7D%2C%7B%22label%22%3A%22Disminuir%20amenazas%20%22%2C%22content_t%22%3A%22%20Disminuimos%20las%20amenazas%20de%20la%20seguridad%20de%20tu%20negocio%20.%22%2C%22link%22%3A%22%2F%22%2C%22tab_id%22%3A%22658372061%22%7D%2C%7B%22label%22%3A%22Reputaci%C3%B3n%20del%20negocio%20%22%2C%22content_t%22%3A%22%20Ayuda%20en%20la%20reputaci%C3%B3n%20del%20negocio%2C%20proporcionando%20un%20nivel%20extra%20de%20seguridad%20al%20interior%20y%20exterior%20del%20lugar.%20%5Cn%22%2C%22link%22%3A%22%2F%22%2C%22tab_id%22%3A%221369261288%22%7D%2C%7B%22label%22%3A%22Guardias%20de%20seguridad%22%2C%22content_t%22%3A%22Nuestros%20guardias%20de%20seguridad%20reciben%20una%20capacitaci%C3%B3n%20especializada%20sobre%20manejo%20de%20emergencias%20y%20contingencias%2C%20para%20hacer%20frente%20a%20situaciones%20de%20alta%20presi%C3%B3n%20y%20asegurar%20que%20se%20mantenga%20un%20nivel%20de%20calma%20durante%20el%20incidente%20en%20todo%20momento.%22%2C%22link%22%3A%22%2F%22%2C%22tab_id%22%3A%221369261288%22%7D%2C%7B%22label%22%3A%22Respuesta%20r%C3%A1pida%20%22%2C%22content_t%22%3A%22Proporcionamos%20respuesta%20r%C3%A1pidas%20o%20mayores%20a%20los%20servicios%20de%20emergencia%20(polic%C3%ADa%2C%20bomberos)%20ante%20cualquier%20situaci%C3%B3n%20que%20pueda%20causar%20da%C3%B1os%20tanto%20a%20bienes%20como%20a%20personas%20y%20sus%20posesiones.%22%2C%22link%22%3A%22%2F%22%2C%22tab_id%22%3A%221369261288%22%7D%5D&#8221;][\/vc_column][\/vc_row][vc_row full_width=&#8221;stretch_row&#8221; pix_padding_top=&#8221;padding XL&#8221; pix_padding_bottom=&#8221;padding XL&#8221; gradient_colors=&#8221;%5B%7B%7D%5D&#8221; pix_padding=&#8221;pix-padding-both&#8221; css=&#8221;.vc_custom_1562698191109{background-color: #f6f6f7 !important;}&#8221;][vc_column width=&#8221;1\/2&#8243; gradient_colors=&#8221;%5B%7B%7D%5D&#8221; css=&#8221;.vc_custom_1563044527079{padding-right: 38px !important;}&#8221;][common_title title=&#8221;Nuestras ventajas&#8221; padding=&#8221;off&#8221; position=&#8221;text-left&#8221;][\/common_title][\/vc_column][vc_column width=&#8221;1\/2&#8243;][vc_column_text] Cumplimos con la documentaci\u00f3n en regla requerida por la Direcci\u00f3n [&hellip;]<\/p>\n","protected":false},"author":1,"featured_media":0,"parent":0,"menu_order":0,"comment_status":"closed","ping_status":"closed","template":"single-pix-service.php","meta":{"inline_featured_image":false,"_monsterinsights_skip_tracking":false,"_monsterinsights_sitenote_active":false,"_monsterinsights_sitenote_note":"","_monsterinsights_sitenote_category":0,"_joinchat":[],"footnotes":""},"class_list":["post-804","page","type-page","status-publish","hentry"],"aioseo_notices":[],"_links":{"self":[{"href":"https:\/\/segcorp.mx\/index.php\/wp-json\/wp\/v2\/pages\/804","targetHints":{"allow":["GET"]}}],"collection":[{"href":"https:\/\/segcorp.mx\/index.php\/wp-json\/wp\/v2\/pages"}],"about":[{"href":"https:\/\/segcorp.mx\/index.php\/wp-json\/wp\/v2\/types\/page"}],"author":[{"embeddable":true,"href":"https:\/\/segcorp.mx\/index.php\/wp-json\/wp\/v2\/users\/1"}],"replies":[{"embeddable":true,"href":"https:\/\/segcorp.mx\/index.php\/wp-json\/wp\/v2\/comments?post=804"}],"version-history":[{"count":12,"href":"https:\/\/segcorp.mx\/index.php\/wp-json\/wp\/v2\/pages\/804\/revisions"}],"predecessor-version":[{"id":6097,"href":"https:\/\/segcorp.mx\/index.php\/wp-json\/wp\/v2\/pages\/804\/revisions\/6097"}],"wp:attachment":[{"href":"https:\/\/segcorp.mx\/index.php\/wp-json\/wp\/v2\/media?parent=804"}],"curies":[{"name":"wp","href":"https:\/\/api.w.org\/{rel}","templated":true}]}}